{"id":127,"date":"2014-12-16T15:45:16","date_gmt":"2014-12-16T15:45:16","guid":{"rendered":"http:\/\/www.maeder-decolletage.ch\/?page_id=127"},"modified":"2022-01-25T15:03:04","modified_gmt":"2022-01-25T14:03:04","slug":"philosophy","status":"publish","type":"page","link":"https:\/\/www.maeder-decolletage.ch\/de\/firma\/philosophy\/","title":{"rendered":"Philosophie"},"content":{"rendered":"<div id=\"remonte_col\">\n<h4>Kunden<\/h4>\n<p>\u201eDer Fortbestand eines Unternehmens kann nur durch das Vertrauen und die Treue seiner Kunden sichergestellt werden!\u201c So lautet die Devise von Roger Maeder SA. Das Unternehmen ist sich der Bedeutung dieser Aussage bewusst und geht stetig auf die Bed\u00fcrfnisse seiner Kunden ein, um mit ihnen eine langfristige Partnerschaft aufzubauen und zu pflegen.<\/p>\n<h4>Mitarbeitende<\/h4>\n<p>Roger Maeder SA ist ein kleiner Familienbetrieb, dem das Wohlbefinden und die Entwicklung seiner Mitarbeitenden sehr am Herzen liegt. Ohne deren Kompetenz, Motivation, Flexibilit\u00e4t und unerm\u00fcdlichen Einsatz w\u00e4ren das Wachstum und der Erfolg des Unternehmens der letzten Jahre nicht m\u00f6glich gewesen.<\/p>\n<h4>Qualit\u00e4t<\/h4>\n<p>Roger Maeder SA ist nach der Norm <a href=\"\/de\/fachwissen\/zertifizierung\/\">ISO 9001<\/a> zertifiziert. Die Unternehmensphilosophie ist auf die kontinuierliche Verbesserung und eine optimale Verwendung der Ressourcen in s\u00e4mtlichen Bereichen ausgerichtet. Das Unternehmen entwickelt zudem eigene Technologien, um seinen Maschinenpark laufend individuell anzupassen und auf die Kundenbed\u00fcrfnisse auszurichten.<\/p>\n<\/div>\n","protected":false},"excerpt":{"rendered":"<p>Kunden \u201eDer Fortbestand eines Unternehmens kann nur durch das Vertrauen und die Treue seiner Kunden sichergestellt werden!\u201c So lautet die Devise von Roger Maeder SA. Das Unternehmen ist sich der Bedeutung dieser Aussage bewusst und geht stetig auf die Bed\u00fcrfnisse seiner Kunden ein, um mit ihnen eine langfristige Partnerschaft aufzubauen und zu pflegen. Mitarbeitende Roger [&hellip;]<\/p>\n","protected":false},"author":4,"featured_media":1091,"parent":120,"menu_order":0,"comment_status":"closed","ping_status":"closed","template":"page-full-width.php","meta":{"ngg_post_thumbnail":0},"_links":{"self":[{"href":"https:\/\/www.maeder-decolletage.ch\/de\/wp-json\/wp\/v2\/pages\/127\/"}],"collection":[{"href":"https:\/\/www.maeder-decolletage.ch\/de\/wp-json\/wp\/v2\/pages\/"}],"about":[{"href":"https:\/\/www.maeder-decolletage.ch\/de\/wp-json\/wp\/v2\/types\/page\/"}],"author":[{"embeddable":true,"href":"https:\/\/www.maeder-decolletage.ch\/de\/wp-json\/wp\/v2\/users\/4\/"}],"replies":[{"embeddable":true,"href":"https:\/\/www.maeder-decolletage.ch\/de\/wp-json\/wp\/v2\/comments\/?post=127"}],"version-history":[{"count":10,"href":"https:\/\/www.maeder-decolletage.ch\/de\/wp-json\/wp\/v2\/pages\/127\/revisions\/"}],"predecessor-version":[{"id":2165,"href":"https:\/\/www.maeder-decolletage.ch\/de\/wp-json\/wp\/v2\/pages\/127\/revisions\/2165\/"}],"up":[{"embeddable":true,"href":"https:\/\/www.maeder-decolletage.ch\/de\/wp-json\/wp\/v2\/pages\/120\/"}],"wp:featuredmedia":[{"embeddable":true,"href":"https:\/\/www.maeder-decolletage.ch\/de\/wp-json\/wp\/v2\/media\/1091\/"}],"wp:attachment":[{"href":"https:\/\/www.maeder-decolletage.ch\/de\/wp-json\/wp\/v2\/media\/?parent=127"}],"curies":[{"name":"wp","href":"https:\/\/api.w.org\/{rel}","templated":true}]}}