{"id":135,"date":"2014-12-16T15:47:09","date_gmt":"2014-12-16T15:47:09","guid":{"rendered":"http:\/\/www.maeder-decolletage.ch\/?page_id=135"},"modified":"2025-02-20T14:23:33","modified_gmt":"2025-02-20T13:23:33","slug":"presentation","status":"publish","type":"page","link":"https:\/\/www.maeder-decolletage.ch\/de\/firma\/presentation\/","title":{"rendered":"Pr\u00e4sentation"},"content":{"rendered":"<div id=\"remonte_col\">\n<p>[one_half_first]<\/p>\n<h4 style=\"color: #fff!important;\">.<\/h4>\n<p>Roger Maeder SA ist auf die Fertigung von kleinen Pr\u00e4zisionsdrehteilen mit einem Durchmesser von 0,08 mm bis 12 mm spezialisiert. Die Firma verf\u00fcgt \u00fcber die Zertifizierung ISO 9001 und beliefert die Mikroverbindungstechnik, Uhrenindustrie, Automobilindustrie und den Apparatebau.<\/p>\n<p>Das im Berner Jura, in der Wiege des Automatendrehens und der Schweizer Uhrmacherei ans\u00e4ssige Unternehmen baut auf dem umfassenden regionalen Know-how auf, um spezifische Kompetenzen zu entwickeln. Dabei st\u00fctzt sich Roger Maeder SA auch auf lokale Partner aus verschiedenen Bereichen der Mikrotechnik.<\/p>\n<p>Diese Zusammenarbeit, in Verbindung mit der langj\u00e4hrigen Erfahrung und dem unerm\u00fcdlichen Einsatz seiner qualifizierten Mitarbeitenden, macht das Unternehmen zu einem bevorzugten Partner f\u00fcr kleine Drehteile.<\/p>\n<p>F\u00fcr weitere Informationen <a href=\"\/wp-content\/uploads\/2020\/01\/Maeder_Decolletage_Brochure_DE.pdf\" target=\"_blank\" rel=\"noopener noreferrer\">laden Sie die Firmenbrosch\u00fcre<\/a> herunter oder <a href=\"\/de\/contact\/responsables\/\">kontaktieren Sie Roger Maeder SA<\/a> um ein konkretes Angebot zu erhalten.<br \/>\n[\/one_half_first][one_half_last]<\/p>\n<h4>Geschichte<\/h4>\n<div class=\"historique\">\n<div class=\"hidate\">1935<\/div>\n<div class=\"hiright\">Firmengr\u00fcndung durch Roger Jenny<\/div>\n<\/div>\n<div class=\"historique\">\n<div class=\"hidate\">1957<\/div>\n<div class=\"hiright\">Bau und Er\u00f6ffnung des ersten Geb\u00e4udes an der Rue de l&#8217;Aurore 5 in Court<\/div>\n<\/div>\n<div class=\"historique\">\n<div class=\"hidate\">1978<\/div>\n<div class=\"hiright\">Neue Rechtsform: Umwandlung in eine Aktiengesellschaft unter dem neuen Namen Roger Maeder SA<\/div>\n<\/div>\n<div class=\"historique\">\n<div class=\"hidate\">1995<\/div>\n<div class=\"hiright\">\u00dcbernahme des Unternehmens durch Bernadette Niederhauser und Eric Gyger<\/div>\n<\/div>\n<div class=\"historique\">\n<div class=\"hidate\">2000<\/div>\n<div class=\"hiright\">Vergr\u00f6sserung des Geb\u00e4udes und der Produktionsr\u00e4umlichkeiten<\/div>\n<\/div>\n<div class=\"historique\">\n<div class=\"hidate\">2005<\/div>\n<div class=\"hiright\">Erhalt der Zertifizierung <b>ISO 9001<\/b>, internationale Norm f\u00fcr die Anforderungen eines Managementsystems mit dem Ziel der kontinuierlichen Verbesserung der Leistungsf\u00e4higkeit des Qualit\u00e4tssystems und in der Folge der Kundenzufriedenheit<\/div>\n<\/div>\n<div class=\"historique\">\n<div class=\"hidate\">2007<\/div>\n<div class=\"hiright\">\u00dcbernahme s\u00e4mtlicher Gesellschaftsanteile durch Eric Gyger<\/div>\n<\/div>\n<div class=\"historique\">\n<div class=\"hidate\">2014<\/div>\n<div class=\"hiright\">\u00dcbernahme einer Mehrheitsbeteiligung am Unternehmen durch <a href=\"http:\/\/www.polydec.ch\/de\" target=\"_blank\" rel=\"noopener noreferrer\">Polydec SA <\/a>in Biel<\/div>\n<\/div>\n<div class=\"historique\">\n<div class=\"hidate\">2022<\/div>\n<div class=\"hiright\">\u00dcbernahme aller Unternehmensteile durch Herr Simon Gyger<\/div>\n<\/div>\n<p>[\/one_half_last]<\/p>\n<\/div>\n","protected":false},"excerpt":{"rendered":"<p>[one_half_first] . Roger Maeder SA ist auf die Fertigung von kleinen Pr\u00e4zisionsdrehteilen mit einem Durchmesser von 0,08 mm bis 12 mm spezialisiert. Die Firma verf\u00fcgt \u00fcber die Zertifizierung ISO 9001 und beliefert die Mikroverbindungstechnik, Uhrenindustrie, Automobilindustrie und den Apparatebau. Das im Berner Jura, in der Wiege des Automatendrehens und der Schweizer Uhrmacherei ans\u00e4ssige Unternehmen baut [&hellip;]<\/p>\n","protected":false},"author":4,"featured_media":1347,"parent":120,"menu_order":0,"comment_status":"closed","ping_status":"closed","template":"page-full-width.php","meta":{"ngg_post_thumbnail":0},"_links":{"self":[{"href":"https:\/\/www.maeder-decolletage.ch\/de\/wp-json\/wp\/v2\/pages\/135\/"}],"collection":[{"href":"https:\/\/www.maeder-decolletage.ch\/de\/wp-json\/wp\/v2\/pages\/"}],"about":[{"href":"https:\/\/www.maeder-decolletage.ch\/de\/wp-json\/wp\/v2\/types\/page\/"}],"author":[{"embeddable":true,"href":"https:\/\/www.maeder-decolletage.ch\/de\/wp-json\/wp\/v2\/users\/4\/"}],"replies":[{"embeddable":true,"href":"https:\/\/www.maeder-decolletage.ch\/de\/wp-json\/wp\/v2\/comments\/?post=135"}],"version-history":[{"count":19,"href":"https:\/\/www.maeder-decolletage.ch\/de\/wp-json\/wp\/v2\/pages\/135\/revisions\/"}],"predecessor-version":[{"id":2286,"href":"https:\/\/www.maeder-decolletage.ch\/de\/wp-json\/wp\/v2\/pages\/135\/revisions\/2286\/"}],"up":[{"embeddable":true,"href":"https:\/\/www.maeder-decolletage.ch\/de\/wp-json\/wp\/v2\/pages\/120\/"}],"wp:featuredmedia":[{"embeddable":true,"href":"https:\/\/www.maeder-decolletage.ch\/de\/wp-json\/wp\/v2\/media\/1347\/"}],"wp:attachment":[{"href":"https:\/\/www.maeder-decolletage.ch\/de\/wp-json\/wp\/v2\/media\/?parent=135"}],"curies":[{"name":"wp","href":"https:\/\/api.w.org\/{rel}","templated":true}]}}