{"id":143,"date":"2014-12-12T00:04:54","date_gmt":"2014-12-12T00:04:54","guid":{"rendered":"http:\/\/www.maeder-decolletage.ch\/?page_id=143"},"modified":"2025-07-03T10:58:35","modified_gmt":"2025-07-03T08:58:35","slug":"telechargements","status":"publish","type":"page","link":"https:\/\/www.maeder-decolletage.ch\/de\/telechargements\/","title":{"rendered":"Downloads"},"content":{"rendered":"<p>[ls_toggle title=&#8220;Brochure&#8220;]<\/p>\n<div class=\"download\">\n<div class=\"dlleft\">Brosch\u00fcre 2025 (FR)<\/div>\n<div class=\"linkdl\"><a href=\"\/wp-content\/uploads\/2020\/01\/Maeder_Decolletage_Brochure_FR.pdf\" target=\"_blank\" rel=\"noopener\"><i class=\"fa fa-download\"><\/i>&nbsp;&nbsp;PDF<\/a><\/div>\n<\/div>\n<div class=\"clearfix\">&nbsp;&nbsp;<\/div>\n<div class=\"download\">\n<div class=\"dlleft\">Brosch\u00fcre 2025 (DE)<\/div>\n<div class=\"linkdl\"><a href=\"\/wp-content\/uploads\/2020\/01\/Maeder_Decolletage_Brochure_DE.pdf\" target=\"_blank\" rel=\"noopener\"><i class=\"fa fa-download\"><\/i>&nbsp;&nbsp;PDF<\/a><\/div>\n<\/div>\n<div class=\"clearfix\">&nbsp;&nbsp;<\/div>\n<div class=\"download\">\n<div class=\"dlleft\">Brosch\u00fcre 2025 (EN)<\/div>\n<div class=\"linkdl\"><a href=\"\/wp-content\/uploads\/2020\/01\/Maeder_Decolletage_Brochure_EN.pdf\" target=\"_blank\" rel=\"noopener\"><i class=\"fa fa-download\"><\/i>&nbsp;&nbsp;PDF<\/a><\/div>\n<\/div>\n<p>[\/ls_toggle]<\/p>\n<div class=\"clearfix\">&nbsp;&nbsp;<\/div>\n<p>[ls_toggle title=&#8220;Certification&#8220;]<\/p>\n<div class=\"download\">\n<div class=\"dlleft\">Certification ISO 9001<\/div>\n<div class=\"linkdl\"><a href=\"\/wp-content\/uploads\/2023\/12\/Roger-Maeder-SA_CH18907380_9K_FRE.pdf\" target=\"_blank\" rel=\"noopener\"><i class=\"fa fa-download\"><\/i>&nbsp;&nbsp;PDF<\/a>[\/ls_toggle]<\/div>\n<\/div>\n<div class=\"clearfix\">&nbsp;&nbsp;<\/div>\n<p>[ls_toggle title=&#8220;Logos Maeder&#8220;]<\/p>\n<div class=\"download\">\n<div class=\"dlleft\">Logo cmyk<\/div>\n<div class=\"linkdl\"><a href=\"\/wp-content\/uploads\/downloads\/MAE_logo_def_cmyk.jpg\" target=\"_blank\" rel=\"noopener\"><i class=\"fa fa-download\"><\/i>&nbsp;&nbsp;JPG<\/a><\/div>\n<\/div>\n<div class=\"clearfix\">&nbsp;&nbsp;<\/div>\n<div class=\"download\">\n<div class=\"dlleft\">Logo cmyk<\/div>\n<div class=\"linkdl\"><a href=\"\/wp-content\/uploads\/downloads\/MAE_logo_def_cmyk.eps\" target=\"_blank\" rel=\"noopener\"><i class=\"fa fa-download\"><\/i>&nbsp;&nbsp;EPS<\/a>[\/ls_toggle]<\/div>\n<\/div>\n<div class=\"clearfix\">&nbsp;&nbsp;<\/div>\n<p>[ls_toggle title=&#8220;Allgemeine Verkaufsbedingungen&#8220;]<\/p>\n<div class=\"download\">\n<div class=\"dlleft\">Allgemeine Verkaufsbedingungen<\/div>\n<div class=\"linkdl\"><a href=\"\/wp-content\/uploads\/2023\/12\/MAE_conditions_vente_2023.pdf\"><i class=\"fa fa-download\"><\/i>&nbsp;&nbsp;PDF<\/a>[\/ls_toggle]<\/div>\n<\/div>\n<div class=\"clearfix\">&nbsp;&nbsp;<\/div>\n","protected":false},"excerpt":{"rendered":"<p>[ls_toggle title=&#8220;Brochure&#8220;] Brosch\u00fcre 2025 (FR) &nbsp;&nbsp;PDF &nbsp;&nbsp; Brosch\u00fcre 2025 (DE) &nbsp;&nbsp;PDF &nbsp;&nbsp; Brosch\u00fcre 2025 (EN) &nbsp;&nbsp;PDF [\/ls_toggle] &nbsp;&nbsp; [ls_toggle title=&#8220;Certification&#8220;] Certification ISO 9001 &nbsp;&nbsp;PDF[\/ls_toggle] &nbsp;&nbsp; [ls_toggle title=&#8220;Logos Maeder&#8220;] Logo cmyk &nbsp;&nbsp;JPG &nbsp;&nbsp; Logo cmyk &nbsp;&nbsp;EPS[\/ls_toggle] &nbsp;&nbsp; [ls_toggle title=&#8220;Allgemeine Verkaufsbedingungen&#8220;] Allgemeine Verkaufsbedingungen &nbsp;&nbsp;PDF[\/ls_toggle] &nbsp;&nbsp;<\/p>\n","protected":false},"author":4,"featured_media":1094,"parent":0,"menu_order":4,"comment_status":"closed","ping_status":"closed","template":"page-full-width.php","meta":{"ngg_post_thumbnail":0},"_links":{"self":[{"href":"https:\/\/www.maeder-decolletage.ch\/de\/wp-json\/wp\/v2\/pages\/143\/"}],"collection":[{"href":"https:\/\/www.maeder-decolletage.ch\/de\/wp-json\/wp\/v2\/pages\/"}],"about":[{"href":"https:\/\/www.maeder-decolletage.ch\/de\/wp-json\/wp\/v2\/types\/page\/"}],"author":[{"embeddable":true,"href":"https:\/\/www.maeder-decolletage.ch\/de\/wp-json\/wp\/v2\/users\/4\/"}],"replies":[{"embeddable":true,"href":"https:\/\/www.maeder-decolletage.ch\/de\/wp-json\/wp\/v2\/comments\/?post=143"}],"version-history":[{"count":80,"href":"https:\/\/www.maeder-decolletage.ch\/de\/wp-json\/wp\/v2\/pages\/143\/revisions\/"}],"predecessor-version":[{"id":2294,"href":"https:\/\/www.maeder-decolletage.ch\/de\/wp-json\/wp\/v2\/pages\/143\/revisions\/2294\/"}],"wp:featuredmedia":[{"embeddable":true,"href":"https:\/\/www.maeder-decolletage.ch\/de\/wp-json\/wp\/v2\/media\/1094\/"}],"wp:attachment":[{"href":"https:\/\/www.maeder-decolletage.ch\/de\/wp-json\/wp\/v2\/media\/?parent=143"}],"curies":[{"name":"wp","href":"https:\/\/api.w.org\/{rel}","templated":true}]}}