{"id":948,"date":"2015-04-03T12:27:49","date_gmt":"2015-04-03T12:27:49","guid":{"rendered":"http:\/\/www.maeder-decolletage.ch\/?page_id=948"},"modified":"2025-02-23T15:27:12","modified_gmt":"2025-02-23T14:27:12","slug":"produkte","status":"publish","type":"page","link":"https:\/\/www.maeder-decolletage.ch\/de\/fachwissen\/produkte\/","title":{"rendered":"Produkte"},"content":{"rendered":"<p>[one_half_first]<\/p>\n<h4>Abmessungen und Toleranzen<\/h4>\n<blockquote><p>Durchmesser von 0,08 mm bis 10 mm mit Toleranzen von \u00b1 2 \u00b5m (0,002 mm)<br \/>\nL\u00e4nge bis 60 mm mit Toleranzen von \u00b1 5 \u00b5m (0,005 mm)<\/p><\/blockquote>\n<p>[\/one_half_first][one_half_last]<\/p>\n<h4>T\u00e4tigkeiten und Spezialisierungen<\/h4>\n<p><i class=\"fa fa-caret-square-o-right\" style=\"color: #0093a7;\"><\/i> \u00a0\u00a0Polygonaldrehen<br \/>\n<i class=\"fa fa-caret-square-o-right\" style=\"color: #0093a7;\"><\/i> \u00a0\u00a0Langlochbohren (Messing)<br \/>\n<i class=\"fa fa-caret-square-o-right\" style=\"color: #0093a7;\"><\/i> \u00a0\u00a0Mikrodrehteile<br \/>\n<i class=\"fa fa-caret-square-o-right\" style=\"color: #0093a7;\"><\/i> \u00a0\u00a0CNC-Verzahnen<br \/>\n[\/one_half_last][one_half_first]<\/p>\n<h4>Werkstoffe<\/h4>\n<p><i class=\"fa fa-caret-square-o-right\" style=\"color: #0093a7;\"><\/i> \u00a0\u00a0Kupferlegierungen (Messing, CuBe, Neusilber)<br \/>\n<i class=\"fa fa-caret-square-o-right\" style=\"color: #0093a7;\"><\/i> \u00a0\u00a0Weichstahl<br \/>\n<i class=\"fa fa-caret-square-o-right\" style=\"color: #0093a7;\"><\/i> \u00a0\u00a0H\u00e4rtbarer Stahl (Sandvik 20AP)<br \/>\n<i class=\"fa fa-caret-square-o-right\" style=\"color: #0093a7;\"><\/i> \u00a0\u00a0Rostfreier Stahl<br \/>\n<i class=\"fa fa-caret-square-o-right\" style=\"color: #0093a7;\"><\/i> \u00a0\u00a0Aluminium<br \/>\n<i class=\"fa fa-caret-square-o-right\" style=\"color: #0093a7;\"><\/i> \u00a0\u00a0Bronze<\/p>\n<p>[\/one_half_first][one_half_last]<\/p>\n<h4>Erg\u00e4nzende Bearbeitungen<\/h4>\n<blockquote><p>Verschiedene zus\u00e4tzliche Behandlungen werden in Zusammenarbeit mit bew\u00e4hrten Partnerunternehmen durchgef\u00fchrt:<\/p><\/blockquote>\n<p><i class=\"fa fa-caret-square-o-right\" style=\"color: #0093a7;\"><\/i> \u00a0\u00a0Polieren<br \/>\n<i class=\"fa fa-caret-square-o-right\" style=\"color: #0093a7;\"><\/i> \u00a0\u00a0Thermische Behandlung<br \/>\n<i class=\"fa fa-caret-square-o-right\" style=\"color: #0093a7;\"><\/i> \u00a0\u00a0Galvanische Behandlung (Vernickelung, Vergoldung usw.)<br \/>\n[\/one_half_last]<\/p>\n","protected":false},"excerpt":{"rendered":"<p>[one_half_first] Abmessungen und Toleranzen Durchmesser von 0,08 mm bis 10 mm mit Toleranzen von \u00b1 2 \u00b5m (0,002 mm) L\u00e4nge bis 60 mm mit Toleranzen von \u00b1 5 \u00b5m (0,005 mm) [\/one_half_first][one_half_last] T\u00e4tigkeiten und Spezialisierungen \u00a0\u00a0Polygonaldrehen \u00a0\u00a0Langlochbohren (Messing) \u00a0\u00a0Mikrodrehteile \u00a0\u00a0CNC-Verzahnen [\/one_half_last][one_half_first] Werkstoffe \u00a0\u00a0Kupferlegierungen (Messing, CuBe, Neusilber) \u00a0\u00a0Weichstahl \u00a0\u00a0H\u00e4rtbarer Stahl (Sandvik 20AP) \u00a0\u00a0Rostfreier Stahl \u00a0\u00a0Aluminium \u00a0\u00a0Bronze [&hellip;]<\/p>\n","protected":false},"author":4,"featured_media":1093,"parent":133,"menu_order":0,"comment_status":"closed","ping_status":"closed","template":"","meta":{"ngg_post_thumbnail":0},"_links":{"self":[{"href":"https:\/\/www.maeder-decolletage.ch\/de\/wp-json\/wp\/v2\/pages\/948\/"}],"collection":[{"href":"https:\/\/www.maeder-decolletage.ch\/de\/wp-json\/wp\/v2\/pages\/"}],"about":[{"href":"https:\/\/www.maeder-decolletage.ch\/de\/wp-json\/wp\/v2\/types\/page\/"}],"author":[{"embeddable":true,"href":"https:\/\/www.maeder-decolletage.ch\/de\/wp-json\/wp\/v2\/users\/4\/"}],"replies":[{"embeddable":true,"href":"https:\/\/www.maeder-decolletage.ch\/de\/wp-json\/wp\/v2\/comments\/?post=948"}],"version-history":[{"count":7,"href":"https:\/\/www.maeder-decolletage.ch\/de\/wp-json\/wp\/v2\/pages\/948\/revisions\/"}],"predecessor-version":[{"id":2290,"href":"https:\/\/www.maeder-decolletage.ch\/de\/wp-json\/wp\/v2\/pages\/948\/revisions\/2290\/"}],"up":[{"embeddable":true,"href":"https:\/\/www.maeder-decolletage.ch\/de\/wp-json\/wp\/v2\/pages\/133\/"}],"wp:featuredmedia":[{"embeddable":true,"href":"https:\/\/www.maeder-decolletage.ch\/de\/wp-json\/wp\/v2\/media\/1093\/"}],"wp:attachment":[{"href":"https:\/\/www.maeder-decolletage.ch\/de\/wp-json\/wp\/v2\/media\/?parent=948"}],"curies":[{"name":"wp","href":"https:\/\/api.w.org\/{rel}","templated":true}]}}