{"id":950,"date":"2015-04-03T12:32:37","date_gmt":"2015-04-03T12:32:37","guid":{"rendered":"http:\/\/www.maeder-decolletage.ch\/?page_id=950"},"modified":"2025-07-03T10:59:35","modified_gmt":"2025-07-03T08:59:35","slug":"zertifizierung","status":"publish","type":"page","link":"https:\/\/www.maeder-decolletage.ch\/de\/fachwissen\/zertifizierung\/","title":{"rendered":"Zertifizierung"},"content":{"rendered":"<div id=\"remonte_col\">\n<p>[one_half_first]2005 erhielt <b>Roger Maeder SA<\/b> die Zertifizierung f\u00fcr sein Qualit\u00e4tsmanagementsystem nach der Norm ISO 9001 vom <a href=\"http:\/\/www.bureauveritas.com\/wps\/wcm\/connect\/bv_com\/group\/services+sheet\/iso-9001-certification_12249\" target=\"_blank\" rel=\"noopener\">Bureau Veritas Certification (Switzerland) AG<\/a>. Diese Zertifizierung best\u00e4tigt die Qualit\u00e4tsverpflichtung eines Unternehmens und misst die Fortschritte anhand der kontinuierlichen Verbesserung dessen Leistungsf\u00e4higkeit.<\/p>\n<p>Dank dieses Systems konnte <b>Roger Maeder SA<\/b> sowohl seinen Herstellungsprozess als auch die allgemeine Organisation optimieren, was mit einer Kompetenz- und Reaktivit\u00e4tssteigerung einhergeht.<\/p>\n<p>Bei konsequenter Anwendung garantiert dieses Systems ein hohes Qualit\u00e4tsniveau sowie grosse Kundenzufriedenheit.<\/p>\n<p><a href=\"\/wp-content\/uploads\/2023\/12\/Roger-Maeder-SA_CH18907380_9K_FRE.pdf\" target=\"_blank\" rel=\"noopener\">Klicken Sie hier<\/a>, um die Zertifizierung ISO 9001:2015 im PDF-Format aufzurufen.<\/p>\n<p>[\/one_half_first][one_half_last]<a href=\"\/wp-content\/uploads\/2015\/03\/DSC_05381.jpg\"><img loading=\"lazy\" class=\"alignnone size-full wp-image-847\" src=\"\/wp-content\/uploads\/2015\/03\/DSC_05381.jpg\" alt=\"DSC_0538\" width=\"900\" height=\"600\" srcset=\"https:\/\/www.maeder-decolletage.ch\/wp-content\/uploads\/2015\/03\/DSC_05381.jpg 900w, https:\/\/www.maeder-decolletage.ch\/wp-content\/uploads\/2015\/03\/DSC_05381-300x200.jpg 300w\" sizes=\"(max-width: 900px) 100vw, 900px\" \/><\/a>[\/one_half_last]<\/p>\n<\/div>\n","protected":false},"excerpt":{"rendered":"<p>[one_half_first]2005 erhielt Roger Maeder SA die Zertifizierung f\u00fcr sein Qualit\u00e4tsmanagementsystem nach der Norm ISO 9001 vom Bureau Veritas Certification (Switzerland) AG. Diese Zertifizierung best\u00e4tigt die Qualit\u00e4tsverpflichtung eines Unternehmens und misst die Fortschritte anhand der kontinuierlichen Verbesserung dessen Leistungsf\u00e4higkeit. Dank dieses Systems konnte Roger Maeder SA sowohl seinen Herstellungsprozess als auch die allgemeine Organisation optimieren, was [&hellip;]<\/p>\n","protected":false},"author":4,"featured_media":1085,"parent":133,"menu_order":0,"comment_status":"closed","ping_status":"closed","template":"","meta":{"ngg_post_thumbnail":0},"_links":{"self":[{"href":"https:\/\/www.maeder-decolletage.ch\/de\/wp-json\/wp\/v2\/pages\/950\/"}],"collection":[{"href":"https:\/\/www.maeder-decolletage.ch\/de\/wp-json\/wp\/v2\/pages\/"}],"about":[{"href":"https:\/\/www.maeder-decolletage.ch\/de\/wp-json\/wp\/v2\/types\/page\/"}],"author":[{"embeddable":true,"href":"https:\/\/www.maeder-decolletage.ch\/de\/wp-json\/wp\/v2\/users\/4\/"}],"replies":[{"embeddable":true,"href":"https:\/\/www.maeder-decolletage.ch\/de\/wp-json\/wp\/v2\/comments\/?post=950"}],"version-history":[{"count":9,"href":"https:\/\/www.maeder-decolletage.ch\/de\/wp-json\/wp\/v2\/pages\/950\/revisions\/"}],"predecessor-version":[{"id":2296,"href":"https:\/\/www.maeder-decolletage.ch\/de\/wp-json\/wp\/v2\/pages\/950\/revisions\/2296\/"}],"up":[{"embeddable":true,"href":"https:\/\/www.maeder-decolletage.ch\/de\/wp-json\/wp\/v2\/pages\/133\/"}],"wp:featuredmedia":[{"embeddable":true,"href":"https:\/\/www.maeder-decolletage.ch\/de\/wp-json\/wp\/v2\/media\/1085\/"}],"wp:attachment":[{"href":"https:\/\/www.maeder-decolletage.ch\/de\/wp-json\/wp\/v2\/media\/?parent=950"}],"curies":[{"name":"wp","href":"https:\/\/api.w.org\/{rel}","templated":true}]}}